{"id":7076,"date":"2025-09-04T06:50:14","date_gmt":"2025-09-04T06:50:14","guid":{"rendered":"https:\/\/www.wildturkeybourbon.com\/fr-fr\/?page_id=7076"},"modified":"2025-11-28T14:28:17","modified_gmt":"2025-11-28T14:28:17","slug":"dont-change-a-damn-thing","status":"publish","type":"page","link":"https:\/\/www.wildturkeybourbon.com\/fr-fr\/dont-change-a-damn-thing\/","title":{"rendered":"DON’T CHANGE A DAMN THING"},"content":{"rendered":"","protected":false},"excerpt":{"rendered":"","protected":false},"author":10015,"featured_media":0,"parent":0,"menu_order":0,"comment_status":"closed","ping_status":"closed","template":"templates\/tpl-blocks.php","meta":{"_acf_changed":false,"footnotes":""},"class_list":["post-7076","page","type-page","status-publish","hentry"],"acf":[],"yoast_head":"\nD\u00e9couvrez la nouvelle campagne mondiale 2025 | Wild Turkey<\/title>\n<meta name=\"description\" content=\"Dans le nouveau film r\u00e9alis\u00e9 par Kiku Ohe, Wild Turkey raconte son histoire de tradition et passion. D\u00e9couvrez comment est \u00e9labor\u00e9 un bourbon l\u00e9gendaire.\" \/>\n<meta name=\"robots\" content=\"index, follow, max-snippet:-1, max-image-preview:large, max-video-preview:-1\" \/>\n<meta property=\"og:type\" content=\"article\" \/>\n<meta property=\"og:title\" content=\"D\u00e9couvrez la nouvelle campagne mondiale 2025 | Wild Turkey\" \/>\n<meta property=\"og:description\" content=\"Dans le nouveau film r\u00e9alis\u00e9 par Kiku Ohe, Wild Turkey raconte son histoire de tradition et passion. D\u00e9couvrez comment est \u00e9labor\u00e9 un bourbon l\u00e9gendaire.\" \/>\n<meta property=\"og:url\" content=\"https:\/\/www.wildturkeybourbon.com\/fr-fr\/dont-change-a-damn-thing\/\" \/>\n<meta property=\"og:site_name\" content=\"Wild Turkey - fr-fr\" \/>\n<meta property=\"article:modified_time\" content=\"2025-11-28T14:28:17+00:00\" \/>\n<meta name=\"twitter:card\" content=\"summary_large_image\" \/>\n<!-- \/ Yoast SEO plugin. -->","yoast_head_json":{"title":"D\u00e9couvrez la nouvelle campagne mondiale 2025 | Wild Turkey","description":"Dans le nouveau film r\u00e9alis\u00e9 par Kiku Ohe, Wild Turkey raconte son histoire de tradition et passion. D\u00e9couvrez comment est \u00e9labor\u00e9 un bourbon l\u00e9gendaire.","robots":{"index":"index","follow":"follow","max-snippet":"max-snippet:-1","max-image-preview":"max-image-preview:large","max-video-preview":"max-video-preview:-1"},"og_type":"article","og_title":"D\u00e9couvrez la nouvelle campagne mondiale 2025 | Wild Turkey","og_description":"Dans le nouveau film r\u00e9alis\u00e9 par Kiku Ohe, Wild Turkey raconte son histoire de tradition et passion. D\u00e9couvrez comment est \u00e9labor\u00e9 un bourbon l\u00e9gendaire.","og_url":"https:\/\/www.wildturkeybourbon.com\/fr-fr\/dont-change-a-damn-thing\/","og_site_name":"Wild Turkey - fr-fr","article_modified_time":"2025-11-28T14:28:17+00:00","twitter_card":"summary_large_image","schema":{"@context":"https:\/\/schema.org","@graph":[{"@type":"WebPage","@id":"https:\/\/www.wildturkeybourbon.com\/fr-fr\/dont-change-a-damn-thing\/","url":"https:\/\/www.wildturkeybourbon.com\/fr-fr\/dont-change-a-damn-thing\/","name":"D\u00e9couvrez la nouvelle campagne mondiale 2025 | Wild Turkey","isPartOf":{"@id":"https:\/\/www.wildturkeybourbon.com\/fr-fr\/#website"},"datePublished":"2025-09-04T06:50:14+00:00","dateModified":"2025-11-28T14:28:17+00:00","description":"Dans le nouveau film r\u00e9alis\u00e9 par Kiku Ohe, Wild Turkey raconte son histoire de tradition et passion. D\u00e9couvrez comment est \u00e9labor\u00e9 un bourbon l\u00e9gendaire.","breadcrumb":{"@id":"https:\/\/www.wildturkeybourbon.com\/fr-fr\/dont-change-a-damn-thing\/#breadcrumb"},"inLanguage":"fr-FR","potentialAction":[{"@type":"ReadAction","target":["https:\/\/www.wildturkeybourbon.com\/fr-fr\/dont-change-a-damn-thing\/"]}]},{"@type":"BreadcrumbList","@id":"https:\/\/www.wildturkeybourbon.com\/fr-fr\/dont-change-a-damn-thing\/#breadcrumb","itemListElement":[{"@type":"ListItem","position":1,"name":"Home","item":"https:\/\/www.wildturkeybourbon.com\/fr-fr\/"},{"@type":"ListItem","position":2,"name":"DON’T CHANGE A DAMN THING"}]},{"@type":"WebSite","@id":"https:\/\/www.wildturkeybourbon.com\/fr-fr\/#website","url":"https:\/\/www.wildturkeybourbon.com\/fr-fr\/","name":"Wild Turkey - fr-fr","description":"Wild Turkey","publisher":{"@id":"https:\/\/www.wildturkeybourbon.com\/fr-fr\/#organization"},"potentialAction":[{"@type":"SearchAction","target":{"@type":"EntryPoint","urlTemplate":"https:\/\/www.wildturkeybourbon.com\/fr-fr\/?s={search_term_string}"},"query-input":{"@type":"PropertyValueSpecification","valueRequired":true,"valueName":"search_term_string"}}],"inLanguage":"fr-FR"},{"@type":"Organization","@id":"https:\/\/www.wildturkeybourbon.com\/fr-fr\/#organization","name":"Wild Turkey\u00ae Bourbon","url":"https:\/\/www.wildturkeybourbon.com\/fr-fr\/","logo":{"@type":"ImageObject","inLanguage":"fr-FR","@id":"https:\/\/www.wildturkeybourbon.com\/fr-fr\/#\/schema\/logo\/image\/","url":"https:\/\/www.wildturkeybourbon.com\/app\/uploads\/2022\/07\/wild-turkey-condensed-white.png","contentUrl":"https:\/\/www.wildturkeybourbon.com\/app\/uploads\/2022\/07\/wild-turkey-condensed-white.png","width":108,"height":104,"caption":"Wild Turkey\u00ae Bourbon"},"image":{"@id":"https:\/\/www.wildturkeybourbon.com\/fr-fr\/#\/schema\/logo\/image\/"}}]}},"_links":{"self":[{"href":"https:\/\/www.wildturkeybourbon.com\/fr-fr\/wp-json\/wp\/v2\/pages\/7076","targetHints":{"allow":["GET"]}}],"collection":[{"href":"https:\/\/www.wildturkeybourbon.com\/fr-fr\/wp-json\/wp\/v2\/pages"}],"about":[{"href":"https:\/\/www.wildturkeybourbon.com\/fr-fr\/wp-json\/wp\/v2\/types\/page"}],"author":[{"embeddable":true,"href":"https:\/\/www.wildturkeybourbon.com\/fr-fr\/wp-json\/wp\/v2\/users\/10015"}],"replies":[{"embeddable":true,"href":"https:\/\/www.wildturkeybourbon.com\/fr-fr\/wp-json\/wp\/v2\/comments?post=7076"}],"version-history":[{"count":16,"href":"https:\/\/www.wildturkeybourbon.com\/fr-fr\/wp-json\/wp\/v2\/pages\/7076\/revisions"}],"predecessor-version":[{"id":7203,"href":"https:\/\/www.wildturkeybourbon.com\/fr-fr\/wp-json\/wp\/v2\/pages\/7076\/revisions\/7203"}],"wp:attachment":[{"href":"https:\/\/www.wildturkeybourbon.com\/fr-fr\/wp-json\/wp\/v2\/media?parent=7076"}],"curies":[{"name":"wp","href":"https:\/\/api.w.org\/{rel}","templated":true}]}}